{"id":1653,"date":"2025-02-18T22:58:13","date_gmt":"2025-02-18T21:58:13","guid":{"rendered":"https:\/\/yechivabrunoy.com\/?page_id=1653"},"modified":"2025-08-29T15:37:42","modified_gmt":"2025-08-29T13:37:42","slug":"inscription","status":"publish","type":"page","link":"https:\/\/www.yechivabrunoy.com\/fr\/inscription\/","title":{"rendered":"Inscription"},"content":{"rendered":"\t\t<div data-elementor-type=\"wp-page\" data-elementor-id=\"1653\" class=\"elementor elementor-1653\" data-elementor-post-type=\"page\">\n\t\t\t\t<div class=\"elementor-element elementor-element-20eec2b e-con-full e-flex e-con e-parent\" data-id=\"20eec2b\" data-element_type=\"container\" data-e-type=\"container\" data-settings=\"{&quot;jet_parallax_layout_list&quot;:[]}\">\n\t\t\t\t<div class=\"elementor-element elementor-element-5374ca7 elementor-widget elementor-widget-template\" data-id=\"5374ca7\" data-element_type=\"widget\" data-e-type=\"widget\" data-widget_type=\"template.default\">\n\t\t\t\t<div class=\"elementor-widget-container\">\n\t\t\t\t\t\t\t<div class=\"elementor-template\">\n\t\t\t\t\t<div data-elementor-type=\"container\" data-elementor-id=\"1269\" class=\"elementor elementor-1269\" data-elementor-post-type=\"elementor_library\">\n\t\t\t\t<div class=\"elementor-element elementor-element-38129e47 e-flex e-con-boxed e-con e-parent\" data-id=\"38129e47\" data-element_type=\"container\" data-e-type=\"container\" data-settings=\"{&quot;jet_parallax_layout_list&quot;:[]}\">\n\t\t\t\t\t<div class=\"e-con-inner\">\n\t\t\t\t<div class=\"elementor-element elementor-element-1793e054 elementor-widget elementor-widget-heading\" data-id=\"1793e054\" data-element_type=\"widget\" data-e-type=\"widget\" data-widget_type=\"heading.default\">\n\t\t\t\t<div class=\"elementor-widget-container\">\n\t\t\t\t\t<h1 class=\"elementor-heading-title elementor-size-default\">Inscription<\/h1>\t\t\t\t<\/div>\n\t\t\t\t<\/div>\n\t\t\t\t\t<\/div>\n\t\t\t\t<\/div>\n\t\t\t\t<\/div>\n\t\t\t\t<\/div>\n\t\t\t\t\t\t<\/div>\n\t\t\t\t<\/div>\n\t\t\t\t<\/div>\n\t\t<div class=\"elementor-element elementor-element-8a3077e e-flex e-con-boxed e-con e-parent\" data-id=\"8a3077e\" data-element_type=\"container\" data-e-type=\"container\" data-settings=\"{&quot;background_background&quot;:&quot;classic&quot;,&quot;jet_parallax_layout_list&quot;:[]}\">\n\t\t\t\t\t<div class=\"e-con-inner\">\n\t\t\t\t<div class=\"elementor-element elementor-element-3e1f686 elementor-widget elementor-widget-heading\" data-id=\"3e1f686\" data-element_type=\"widget\" data-e-type=\"widget\" data-widget_type=\"heading.default\">\n\t\t\t\t<div class=\"elementor-widget-container\">\n\t\t\t\t\t<h2 class=\"elementor-heading-title elementor-size-default\">Formulaire d'inscription<\/h2>\t\t\t\t<\/div>\n\t\t\t\t<\/div>\n\t\t\t\t<div class=\"elementor-element elementor-element-d295dae elementor-widget elementor-widget-html\" data-id=\"d295dae\" data-element_type=\"widget\" data-e-type=\"widget\" data-widget_type=\"html.default\">\n\t\t\t\t<div class=\"elementor-widget-container\">\n\t\t\t\t\t<div style=\"width:100%;height:1050px;\" data-fillout-id=\"1CQoW8NHi4us\" data-fillout-embed-type=\"standard\" data-fillout-inherit-parameters><\/div><script src=\"https:\/\/server.fillout.com\/embed\/v1\/\"><\/script>\t\t\t\t<\/div>\n\t\t\t\t<\/div>\n\t\t\t\t\t<\/div>\n\t\t\t\t<\/div>\n\t\t\t\t<\/div>\n\t\t","protected":false},"excerpt":{"rendered":"<p>Formulaire d&rsquo;inscription<\/p>\n","protected":false},"author":1,"featured_media":879,"parent":0,"menu_order":0,"comment_status":"closed","ping_status":"closed","template":"elementor_header_footer","meta":{"_acf_changed":false,"footnotes":""},"class_list":["post-1653","page","type-page","status-publish","has-post-thumbnail","hentry"],"acf":[],"yoast_head":"<!-- This site is optimized with the Yoast SEO plugin v27.4 - https:\/\/yoast.com\/product\/yoast-seo-wordpress\/ -->\n<title>Inscription - Y\u00e9chiva Brunoy<\/title>\n<meta name=\"description\" content=\"La Y\u00e9chiva Tom\u2019hei Temimim Loubavitch de Brunoy, fond\u00e9e en 1947 sous l&#039;instruction du Rabbi pr\u00e9c\u00e9dent, est devenue un centre majeur.\" \/>\n<meta name=\"robots\" content=\"index, follow, max-snippet:-1, max-image-preview:large, max-video-preview:-1\" \/>\n<link rel=\"canonical\" href=\"https:\/\/www.yechivabrunoy.com\/fr\/inscription\/\" \/>\n<meta property=\"og:locale\" content=\"fr_FR\" \/>\n<meta property=\"og:type\" content=\"article\" \/>\n<meta property=\"og:title\" content=\"Inscription - Y\u00e9chiva Brunoy\" \/>\n<meta property=\"og:description\" content=\"La Y\u00e9chiva Tom\u2019hei Temimim Loubavitch de Brunoy, fond\u00e9e en 1947 sous l&#039;instruction du Rabbi pr\u00e9c\u00e9dent, est devenue un centre majeur.\" \/>\n<meta property=\"og:url\" content=\"https:\/\/www.yechivabrunoy.com\/fr\/inscription\/\" \/>\n<meta property=\"og:site_name\" content=\"Y\u00e9chiva Brunoy\" \/>\n<meta property=\"article:publisher\" content=\"https:\/\/www.facebook.com\/YeshivaBrunoy\/\" \/>\n<meta property=\"article:modified_time\" content=\"2025-08-29T13:37:42+00:00\" \/>\n<meta property=\"og:image\" content=\"https:\/\/www.yechivabrunoy.com\/wp-content\/uploads\/2025\/01\/DJI_0124-scaled.jpg\" \/>\n\t<meta property=\"og:image:width\" content=\"2560\" \/>\n\t<meta property=\"og:image:height\" content=\"1440\" \/>\n\t<meta property=\"og:image:type\" content=\"image\/jpeg\" \/>\n<meta name=\"twitter:card\" content=\"summary_large_image\" \/>\n<meta name=\"twitter:label1\" content=\"Dur\u00e9e de lecture estim\u00e9e\" \/>\n\t<meta name=\"twitter:data1\" content=\"1 minute\" \/>\n<script type=\"application\/ld+json\" class=\"yoast-schema-graph\">{\"@context\":\"https:\\\/\\\/schema.org\",\"@graph\":[{\"@type\":\"WebPage\",\"@id\":\"https:\\\/\\\/www.yechivabrunoy.com\\\/inscription\\\/\",\"url\":\"https:\\\/\\\/www.yechivabrunoy.com\\\/inscription\\\/\",\"name\":\"Inscription - Y\u00e9chiva Brunoy\",\"isPartOf\":{\"@id\":\"http:\\\/\\\/www.yechivabrunoy.com\\\/fr\\\/#website\"},\"primaryImageOfPage\":{\"@id\":\"https:\\\/\\\/www.yechivabrunoy.com\\\/inscription\\\/#primaryimage\"},\"image\":{\"@id\":\"https:\\\/\\\/www.yechivabrunoy.com\\\/inscription\\\/#primaryimage\"},\"thumbnailUrl\":\"https:\\\/\\\/www.yechivabrunoy.com\\\/wp-content\\\/uploads\\\/2025\\\/01\\\/DJI_0124-scaled.jpg\",\"datePublished\":\"2025-02-18T21:58:13+00:00\",\"dateModified\":\"2025-08-29T13:37:42+00:00\",\"description\":\"La Y\u00e9chiva Tom\u2019hei Temimim Loubavitch de Brunoy, fond\u00e9e en 1947 sous l'instruction du Rabbi pr\u00e9c\u00e9dent, est devenue un centre majeur.\",\"breadcrumb\":{\"@id\":\"https:\\\/\\\/www.yechivabrunoy.com\\\/inscription\\\/#breadcrumb\"},\"inLanguage\":\"fr-FR\",\"potentialAction\":[{\"@type\":\"ReadAction\",\"target\":[\"https:\\\/\\\/www.yechivabrunoy.com\\\/inscription\\\/\"]}]},{\"@type\":\"ImageObject\",\"inLanguage\":\"fr-FR\",\"@id\":\"https:\\\/\\\/www.yechivabrunoy.com\\\/inscription\\\/#primaryimage\",\"url\":\"https:\\\/\\\/www.yechivabrunoy.com\\\/wp-content\\\/uploads\\\/2025\\\/01\\\/DJI_0124-scaled.jpg\",\"contentUrl\":\"https:\\\/\\\/www.yechivabrunoy.com\\\/wp-content\\\/uploads\\\/2025\\\/01\\\/DJI_0124-scaled.jpg\",\"width\":2560,\"height\":1440,\"caption\":\"DCIM100MEDIADJI_0124.JPG\"},{\"@type\":\"BreadcrumbList\",\"@id\":\"https:\\\/\\\/www.yechivabrunoy.com\\\/inscription\\\/#breadcrumb\",\"itemListElement\":[{\"@type\":\"ListItem\",\"position\":1,\"name\":\"Accueil\",\"item\":\"http:\\\/\\\/www.yechivabrunoy.com\\\/fr\\\/\"},{\"@type\":\"ListItem\",\"position\":2,\"name\":\"Inscription\"}]},{\"@type\":\"WebSite\",\"@id\":\"http:\\\/\\\/www.yechivabrunoy.com\\\/fr\\\/#website\",\"url\":\"http:\\\/\\\/www.yechivabrunoy.com\\\/fr\\\/\",\"name\":\"Y\u00e9chiva Brunoy\",\"description\":\"Y\u00e9chiva Tom\u2019hei Temimim Loubavitch de Brunoy\",\"publisher\":{\"@id\":\"http:\\\/\\\/www.yechivabrunoy.com\\\/fr\\\/#organization\"},\"potentialAction\":[{\"@type\":\"SearchAction\",\"target\":{\"@type\":\"EntryPoint\",\"urlTemplate\":\"http:\\\/\\\/www.yechivabrunoy.com\\\/fr\\\/?s={search_term_string}\"},\"query-input\":{\"@type\":\"PropertyValueSpecification\",\"valueRequired\":true,\"valueName\":\"search_term_string\"}}],\"inLanguage\":\"fr-FR\"},{\"@type\":\"Organization\",\"@id\":\"http:\\\/\\\/www.yechivabrunoy.com\\\/fr\\\/#organization\",\"name\":\"Y\u00e9chiva Tom\u2019hei Temimim Loubavitch de Brunoy\",\"url\":\"http:\\\/\\\/www.yechivabrunoy.com\\\/fr\\\/\",\"logo\":{\"@type\":\"ImageObject\",\"inLanguage\":\"fr-FR\",\"@id\":\"http:\\\/\\\/www.yechivabrunoy.com\\\/fr\\\/#\\\/schema\\\/logo\\\/image\\\/\",\"url\":\"https:\\\/\\\/www.yechivabrunoy.com\\\/wp-content\\\/uploads\\\/2024\\\/11\\\/Logo-yechiva-brunoy@2x.png\",\"contentUrl\":\"https:\\\/\\\/www.yechivabrunoy.com\\\/wp-content\\\/uploads\\\/2024\\\/11\\\/Logo-yechiva-brunoy@2x.png\",\"width\":681,\"height\":1005,\"caption\":\"Y\u00e9chiva Tom\u2019hei Temimim Loubavitch de Brunoy\"},\"image\":{\"@id\":\"http:\\\/\\\/www.yechivabrunoy.com\\\/fr\\\/#\\\/schema\\\/logo\\\/image\\\/\"},\"sameAs\":[\"https:\\\/\\\/www.facebook.com\\\/YeshivaBrunoy\\\/\"]}]}<\/script>\n<!-- \/ Yoast SEO plugin. -->","yoast_head_json":{"title":"Inscription - Y\u00e9chiva Brunoy","description":"La Y\u00e9chiva Tom\u2019hei Temimim Loubavitch de Brunoy, fond\u00e9e en 1947 sous l'instruction du Rabbi pr\u00e9c\u00e9dent, est devenue un centre majeur.","robots":{"index":"index","follow":"follow","max-snippet":"max-snippet:-1","max-image-preview":"max-image-preview:large","max-video-preview":"max-video-preview:-1"},"canonical":"https:\/\/www.yechivabrunoy.com\/fr\/inscription\/","og_locale":"fr_FR","og_type":"article","og_title":"Inscription - Y\u00e9chiva Brunoy","og_description":"La Y\u00e9chiva Tom\u2019hei Temimim Loubavitch de Brunoy, fond\u00e9e en 1947 sous l'instruction du Rabbi pr\u00e9c\u00e9dent, est devenue un centre majeur.","og_url":"https:\/\/www.yechivabrunoy.com\/fr\/inscription\/","og_site_name":"Y\u00e9chiva Brunoy","article_publisher":"https:\/\/www.facebook.com\/YeshivaBrunoy\/","article_modified_time":"2025-08-29T13:37:42+00:00","og_image":[{"width":2560,"height":1440,"url":"https:\/\/www.yechivabrunoy.com\/wp-content\/uploads\/2025\/01\/DJI_0124-scaled.jpg","type":"image\/jpeg"}],"twitter_card":"summary_large_image","twitter_misc":{"Dur\u00e9e de lecture estim\u00e9e":"1 minute"},"schema":{"@context":"https:\/\/schema.org","@graph":[{"@type":"WebPage","@id":"https:\/\/www.yechivabrunoy.com\/inscription\/","url":"https:\/\/www.yechivabrunoy.com\/inscription\/","name":"Inscription - Y\u00e9chiva Brunoy","isPartOf":{"@id":"http:\/\/www.yechivabrunoy.com\/fr\/#website"},"primaryImageOfPage":{"@id":"https:\/\/www.yechivabrunoy.com\/inscription\/#primaryimage"},"image":{"@id":"https:\/\/www.yechivabrunoy.com\/inscription\/#primaryimage"},"thumbnailUrl":"https:\/\/www.yechivabrunoy.com\/wp-content\/uploads\/2025\/01\/DJI_0124-scaled.jpg","datePublished":"2025-02-18T21:58:13+00:00","dateModified":"2025-08-29T13:37:42+00:00","description":"La Y\u00e9chiva Tom\u2019hei Temimim Loubavitch de Brunoy, fond\u00e9e en 1947 sous l'instruction du Rabbi pr\u00e9c\u00e9dent, est devenue un centre majeur.","breadcrumb":{"@id":"https:\/\/www.yechivabrunoy.com\/inscription\/#breadcrumb"},"inLanguage":"fr-FR","potentialAction":[{"@type":"ReadAction","target":["https:\/\/www.yechivabrunoy.com\/inscription\/"]}]},{"@type":"ImageObject","inLanguage":"fr-FR","@id":"https:\/\/www.yechivabrunoy.com\/inscription\/#primaryimage","url":"https:\/\/www.yechivabrunoy.com\/wp-content\/uploads\/2025\/01\/DJI_0124-scaled.jpg","contentUrl":"https:\/\/www.yechivabrunoy.com\/wp-content\/uploads\/2025\/01\/DJI_0124-scaled.jpg","width":2560,"height":1440,"caption":"DCIM100MEDIADJI_0124.JPG"},{"@type":"BreadcrumbList","@id":"https:\/\/www.yechivabrunoy.com\/inscription\/#breadcrumb","itemListElement":[{"@type":"ListItem","position":1,"name":"Accueil","item":"http:\/\/www.yechivabrunoy.com\/fr\/"},{"@type":"ListItem","position":2,"name":"Inscription"}]},{"@type":"WebSite","@id":"http:\/\/www.yechivabrunoy.com\/fr\/#website","url":"http:\/\/www.yechivabrunoy.com\/fr\/","name":"Y\u00e9chiva Brunoy","description":"Y\u00e9chiva Tom\u2019hei Temimim Loubavitch de Brunoy","publisher":{"@id":"http:\/\/www.yechivabrunoy.com\/fr\/#organization"},"potentialAction":[{"@type":"SearchAction","target":{"@type":"EntryPoint","urlTemplate":"http:\/\/www.yechivabrunoy.com\/fr\/?s={search_term_string}"},"query-input":{"@type":"PropertyValueSpecification","valueRequired":true,"valueName":"search_term_string"}}],"inLanguage":"fr-FR"},{"@type":"Organization","@id":"http:\/\/www.yechivabrunoy.com\/fr\/#organization","name":"Y\u00e9chiva Tom\u2019hei Temimim Loubavitch de Brunoy","url":"http:\/\/www.yechivabrunoy.com\/fr\/","logo":{"@type":"ImageObject","inLanguage":"fr-FR","@id":"http:\/\/www.yechivabrunoy.com\/fr\/#\/schema\/logo\/image\/","url":"https:\/\/www.yechivabrunoy.com\/wp-content\/uploads\/2024\/11\/Logo-yechiva-brunoy@2x.png","contentUrl":"https:\/\/www.yechivabrunoy.com\/wp-content\/uploads\/2024\/11\/Logo-yechiva-brunoy@2x.png","width":681,"height":1005,"caption":"Y\u00e9chiva Tom\u2019hei Temimim Loubavitch de Brunoy"},"image":{"@id":"http:\/\/www.yechivabrunoy.com\/fr\/#\/schema\/logo\/image\/"},"sameAs":["https:\/\/www.facebook.com\/YeshivaBrunoy\/"]}]}},"_links":{"self":[{"href":"https:\/\/www.yechivabrunoy.com\/fr\/wp-json\/wp\/v2\/pages\/1653","targetHints":{"allow":["GET"]}}],"collection":[{"href":"https:\/\/www.yechivabrunoy.com\/fr\/wp-json\/wp\/v2\/pages"}],"about":[{"href":"https:\/\/www.yechivabrunoy.com\/fr\/wp-json\/wp\/v2\/types\/page"}],"author":[{"embeddable":true,"href":"https:\/\/www.yechivabrunoy.com\/fr\/wp-json\/wp\/v2\/users\/1"}],"replies":[{"embeddable":true,"href":"https:\/\/www.yechivabrunoy.com\/fr\/wp-json\/wp\/v2\/comments?post=1653"}],"version-history":[{"count":28,"href":"https:\/\/www.yechivabrunoy.com\/fr\/wp-json\/wp\/v2\/pages\/1653\/revisions"}],"predecessor-version":[{"id":2306,"href":"https:\/\/www.yechivabrunoy.com\/fr\/wp-json\/wp\/v2\/pages\/1653\/revisions\/2306"}],"wp:featuredmedia":[{"embeddable":true,"href":"https:\/\/www.yechivabrunoy.com\/fr\/wp-json\/wp\/v2\/media\/879"}],"wp:attachment":[{"href":"https:\/\/www.yechivabrunoy.com\/fr\/wp-json\/wp\/v2\/media?parent=1653"}],"curies":[{"name":"wp","href":"https:\/\/api.w.org\/{rel}","templated":true}]}}