{"id":319,"date":"2023-08-29T10:20:12","date_gmt":"2023-08-29T08:20:12","guid":{"rendered":"https:\/\/yechivabrunoy.com\/?page_id=319"},"modified":"2025-08-29T15:53:46","modified_gmt":"2025-08-29T13:53:46","slug":"%d7%97%d7%93%d7%a9%d7%95%d7%aa","status":"publish","type":"page","link":"https:\/\/www.yechivabrunoy.com\/he\/actualites\/","title":{"rendered":"\u05d7\u05b2\u05d3\u05b8\u05e9\u05c1\u05d5\u05b9\u05ea"},"content":{"rendered":"\t\t<div data-elementor-type=\"wp-page\" data-elementor-id=\"319\" class=\"elementor elementor-319\" data-elementor-post-type=\"page\">\n\t\t\t\t<div class=\"elementor-element elementor-element-a9e31e8 e-con-full e-flex e-con e-parent\" data-id=\"a9e31e8\" data-element_type=\"container\" data-e-type=\"container\" data-settings=\"{&quot;jet_parallax_layout_list&quot;:[]}\">\n\t\t\t\t<div class=\"elementor-element elementor-element-728c251 elementor-widget elementor-widget-template\" data-id=\"728c251\" data-element_type=\"widget\" data-e-type=\"widget\" data-widget_type=\"template.default\">\n\t\t\t\t<div class=\"elementor-widget-container\">\n\t\t\t\t\t\t\t<div class=\"elementor-template\">\n\t\t\t\t\t<div data-elementor-type=\"container\" data-elementor-id=\"1269\" class=\"elementor elementor-1269\" data-elementor-post-type=\"elementor_library\">\n\t\t\t\t<div class=\"elementor-element elementor-element-38129e47 e-flex e-con-boxed e-con e-parent\" data-id=\"38129e47\" data-element_type=\"container\" data-e-type=\"container\" data-settings=\"{&quot;jet_parallax_layout_list&quot;:[]}\">\n\t\t\t\t\t<div class=\"e-con-inner\">\n\t\t\t\t<div class=\"elementor-element elementor-element-1793e054 elementor-widget elementor-widget-heading\" data-id=\"1793e054\" data-element_type=\"widget\" data-e-type=\"widget\" data-widget_type=\"heading.default\">\n\t\t\t\t<div class=\"elementor-widget-container\">\n\t\t\t\t\t<h1 class=\"elementor-heading-title elementor-size-default\">Actualit\u00e9s<\/h1>\t\t\t\t<\/div>\n\t\t\t\t<\/div>\n\t\t\t\t\t<\/div>\n\t\t\t\t<\/div>\n\t\t\t\t<\/div>\n\t\t\t\t<\/div>\n\t\t\t\t\t\t<\/div>\n\t\t\t\t<\/div>\n\t\t\t\t<\/div>\n\t\t<div class=\"elementor-element elementor-element-074e319 e-flex e-con-boxed e-con e-parent\" data-id=\"074e319\" data-element_type=\"container\" data-e-type=\"container\" data-settings=\"{&quot;jet_parallax_layout_list&quot;:[],&quot;background_background&quot;:&quot;classic&quot;}\">\n\t\t\t\t\t<div class=\"e-con-inner\">\n\t\t<div class=\"elementor-element elementor-element-39bf3ab e-flex e-con-boxed e-con e-child\" data-id=\"39bf3ab\" data-element_type=\"container\" data-e-type=\"container\" data-settings=\"{&quot;jet_parallax_layout_list&quot;:[]}\">\n\t\t\t\t\t<div class=\"e-con-inner\">\n\t\t<div class=\"elementor-element elementor-element-a8c62df e-flex e-con-boxed e-con e-child\" data-id=\"a8c62df\" data-element_type=\"container\" data-e-type=\"container\" data-settings=\"{&quot;jet_parallax_layout_list&quot;:[]}\">\n\t\t\t\t\t<div class=\"e-con-inner\">\n\t\t\t\t<div class=\"elementor-element elementor-element-dd3eee4 elementor-widget elementor-widget-text-editor\" data-id=\"dd3eee4\" data-element_type=\"widget\" data-e-type=\"widget\" data-widget_type=\"text-editor.default\">\n\t\t\t\t<div class=\"elementor-widget-container\">\n\t\t\t\t\t\t\t\t\t<p>Aenean placerat, diam id aliquam ultricies, libero risus bibendum mi, ut cursus quam sapien in urna. Vivamus lorem lorem, tincidunt eget pretium nec, egestas non mi. Duis consectetur massa velit, a consectetur mauris finibus at. Etiam nulla mi, pharetra vitae mi eu, tempus dapibus dolor. Duis nec est a sapien sagittis facilisis.<\/p>\t\t\t\t\t\t\t\t<\/div>\n\t\t\t\t<\/div>\n\t\t\t\t\t<\/div>\n\t\t\t\t<\/div>\n\t\t\t\t<div class=\"elementor-element elementor-element-af4f8ed elementor-widget elementor-widget-heading\" data-id=\"af4f8ed\" data-element_type=\"widget\" data-e-type=\"widget\" data-widget_type=\"heading.default\">\n\t\t\t\t<div class=\"elementor-widget-container\">\n\t\t\t\t\t<h2 class=\"elementor-heading-title elementor-size-default\">Les derni\u00e8res actualit\u00e9s<\/h2>\t\t\t\t<\/div>\n\t\t\t\t<\/div>\n\t\t<div class=\"elementor-element elementor-element-bb9fc7f e-flex e-con-boxed e-con e-child\" data-id=\"bb9fc7f\" data-element_type=\"container\" data-e-type=\"container\" data-settings=\"{&quot;jet_parallax_layout_list&quot;:[]}\">\n\t\t\t\t\t<div class=\"e-con-inner\">\n\t\t\t\t<div class=\"elementor-element elementor-element-3e4a20a elementor-grid-3 elementor-grid-tablet-2 elementor-grid-mobile-1 elementor-widget elementor-widget-loop-grid\" data-id=\"3e4a20a\" data-element_type=\"widget\" data-e-type=\"widget\" data-settings=\"{&quot;template_id&quot;:669,&quot;masonry&quot;:&quot;yes&quot;,&quot;row_gap&quot;:{&quot;unit&quot;:&quot;px&quot;,&quot;size&quot;:25,&quot;sizes&quot;:[]},&quot;pagination_type&quot;:&quot;load_more_on_click&quot;,&quot;_skin&quot;:&quot;post&quot;,&quot;columns&quot;:&quot;3&quot;,&quot;columns_tablet&quot;:&quot;2&quot;,&quot;columns_mobile&quot;:&quot;1&quot;,&quot;edit_handle_selector&quot;:&quot;[data-elementor-type=\\&quot;loop-item\\&quot;]&quot;,&quot;load_more_spinner&quot;:{&quot;value&quot;:&quot;fas fa-spinner&quot;,&quot;library&quot;:&quot;fa-solid&quot;},&quot;row_gap_tablet&quot;:{&quot;unit&quot;:&quot;px&quot;,&quot;size&quot;:&quot;&quot;,&quot;sizes&quot;:[]},&quot;row_gap_mobile&quot;:{&quot;unit&quot;:&quot;px&quot;,&quot;size&quot;:&quot;&quot;,&quot;sizes&quot;:[]}}\" data-widget_type=\"loop-grid.post\">\n\t\t\t\t<div class=\"elementor-widget-container\">\n\t\t\t\t\t\t\t<div class=\"e-loop-nothing-found-message\">\n\t\t<\/div>\n\t\t\t\t\t\t<\/div>\n\t\t\t\t<\/div>\n\t\t\t\t\t<\/div>\n\t\t\t\t<\/div>\n\t\t\t\t\t<\/div>\n\t\t\t\t<\/div>\n\t\t\t\t\t<\/div>\n\t\t\t\t<\/div>\n\t\t\t\t<\/div>\n\t\t","protected":false},"excerpt":{"rendered":"<p>Aenean placerat, diam id aliquam ultricies, libero risus bibendum mi, ut cursus quam sapien in urna. Vivamus lorem lorem, tincidunt eget pretium nec, egestas non mi. Duis consectetur massa velit, a consectetur mauris finibus at. Etiam nulla mi, pharetra vitae mi eu, tempus dapibus dolor. Duis nec est a sapien sagittis facilisis. Les derni\u00e8res actualit\u00e9s<\/p>","protected":false},"author":1,"featured_media":975,"parent":0,"menu_order":0,"comment_status":"closed","ping_status":"closed","template":"elementor_header_footer","meta":{"_acf_changed":false,"footnotes":""},"class_list":["post-319","page","type-page","status-publish","has-post-thumbnail","hentry"],"acf":[],"yoast_head":"<!-- This site is optimized with the Yoast SEO plugin v27.4 - https:\/\/yoast.com\/product\/yoast-seo-wordpress\/ -->\n<title>Actualit\u00e9s - Y\u00e9chiva Brunoy<\/title>\n<meta name=\"description\" content=\"Les actualit\u00e9s et temps forts de l\u2019Association Sarah Penalver Gorsd SPG\" \/>\n<meta name=\"robots\" content=\"index, follow, max-snippet:-1, max-image-preview:large, max-video-preview:-1\" \/>\n<link rel=\"canonical\" href=\"https:\/\/www.yechivabrunoy.com\/he\/\u05d7\u05d3\u05e9\u05d5\u05ea\/\" \/>\n<meta property=\"og:locale\" content=\"he_IL\" \/>\n<meta property=\"og:type\" content=\"article\" \/>\n<meta property=\"og:title\" content=\"Actualit\u00e9s - Y\u00e9chiva Brunoy\" \/>\n<meta property=\"og:description\" content=\"Les actualit\u00e9s et temps forts de l\u2019Association Sarah Penalver Gorsd SPG\" \/>\n<meta property=\"og:url\" content=\"https:\/\/www.yechivabrunoy.com\/he\/\u05d7\u05d3\u05e9\u05d5\u05ea\/\" \/>\n<meta property=\"og:site_name\" content=\"Y\u00e9chiva Brunoy\" \/>\n<meta property=\"article:publisher\" content=\"https:\/\/www.facebook.com\/YeshivaBrunoy\/\" \/>\n<meta property=\"article:modified_time\" content=\"2025-08-29T13:53:46+00:00\" \/>\n<meta property=\"og:image\" content=\"https:\/\/www.yechivabrunoy.com\/wp-content\/uploads\/2025\/01\/IMG_0341-scaled.jpg\" \/>\n\t<meta property=\"og:image:width\" content=\"2560\" \/>\n\t<meta property=\"og:image:height\" content=\"1707\" \/>\n\t<meta property=\"og:image:type\" content=\"image\/jpeg\" \/>\n<meta name=\"twitter:card\" content=\"summary_large_image\" \/>\n<meta name=\"twitter:label1\" content=\"\u05d6\u05de\u05df \u05e7\u05e8\u05d9\u05d0\u05d4 \u05de\u05d5\u05e2\u05e8\u05da\" \/>\n\t<meta name=\"twitter:data1\" content=\"8 \u05d3\u05e7\u05d5\u05ea\" \/>\n<script type=\"application\/ld+json\" class=\"yoast-schema-graph\">{\"@context\":\"https:\\\/\\\/schema.org\",\"@graph\":[{\"@type\":\"WebPage\",\"@id\":\"https:\\\/\\\/www.yechivabrunoy.com\\\/actualites\\\/\",\"url\":\"https:\\\/\\\/www.yechivabrunoy.com\\\/actualites\\\/\",\"name\":\"Actualit\u00e9s - Y\u00e9chiva Brunoy\",\"isPartOf\":{\"@id\":\"http:\\\/\\\/www.yechivabrunoy.com\\\/fr\\\/#website\"},\"primaryImageOfPage\":{\"@id\":\"https:\\\/\\\/www.yechivabrunoy.com\\\/actualites\\\/#primaryimage\"},\"image\":{\"@id\":\"https:\\\/\\\/www.yechivabrunoy.com\\\/actualites\\\/#primaryimage\"},\"thumbnailUrl\":\"https:\\\/\\\/www.yechivabrunoy.com\\\/wp-content\\\/uploads\\\/2025\\\/01\\\/IMG_0341-scaled.jpg\",\"datePublished\":\"2023-08-29T08:20:12+00:00\",\"dateModified\":\"2025-08-29T13:53:46+00:00\",\"description\":\"Les actualit\u00e9s et temps forts de l\u2019Association Sarah Penalver Gorsd SPG\",\"breadcrumb\":{\"@id\":\"https:\\\/\\\/www.yechivabrunoy.com\\\/actualites\\\/#breadcrumb\"},\"inLanguage\":\"he-IL\",\"potentialAction\":[{\"@type\":\"ReadAction\",\"target\":[\"https:\\\/\\\/www.yechivabrunoy.com\\\/actualites\\\/\"]}]},{\"@type\":\"ImageObject\",\"inLanguage\":\"he-IL\",\"@id\":\"https:\\\/\\\/www.yechivabrunoy.com\\\/actualites\\\/#primaryimage\",\"url\":\"https:\\\/\\\/www.yechivabrunoy.com\\\/wp-content\\\/uploads\\\/2025\\\/01\\\/IMG_0341-scaled.jpg\",\"contentUrl\":\"https:\\\/\\\/www.yechivabrunoy.com\\\/wp-content\\\/uploads\\\/2025\\\/01\\\/IMG_0341-scaled.jpg\",\"width\":2560,\"height\":1707},{\"@type\":\"BreadcrumbList\",\"@id\":\"https:\\\/\\\/www.yechivabrunoy.com\\\/actualites\\\/#breadcrumb\",\"itemListElement\":[{\"@type\":\"ListItem\",\"position\":1,\"name\":\"Accueil\",\"item\":\"http:\\\/\\\/www.yechivabrunoy.com\\\/fr\\\/\"},{\"@type\":\"ListItem\",\"position\":2,\"name\":\"Actualit\u00e9s\"}]},{\"@type\":\"WebSite\",\"@id\":\"http:\\\/\\\/www.yechivabrunoy.com\\\/fr\\\/#website\",\"url\":\"http:\\\/\\\/www.yechivabrunoy.com\\\/fr\\\/\",\"name\":\"Y\u00e9chiva Brunoy\",\"description\":\"Y\u00e9chiva Tom\u2019hei Temimim Loubavitch de Brunoy\",\"publisher\":{\"@id\":\"http:\\\/\\\/www.yechivabrunoy.com\\\/fr\\\/#organization\"},\"potentialAction\":[{\"@type\":\"SearchAction\",\"target\":{\"@type\":\"EntryPoint\",\"urlTemplate\":\"http:\\\/\\\/www.yechivabrunoy.com\\\/fr\\\/?s={search_term_string}\"},\"query-input\":{\"@type\":\"PropertyValueSpecification\",\"valueRequired\":true,\"valueName\":\"search_term_string\"}}],\"inLanguage\":\"he-IL\"},{\"@type\":\"Organization\",\"@id\":\"http:\\\/\\\/www.yechivabrunoy.com\\\/fr\\\/#organization\",\"name\":\"Y\u00e9chiva Tom\u2019hei Temimim Loubavitch de Brunoy\",\"url\":\"http:\\\/\\\/www.yechivabrunoy.com\\\/fr\\\/\",\"logo\":{\"@type\":\"ImageObject\",\"inLanguage\":\"he-IL\",\"@id\":\"http:\\\/\\\/www.yechivabrunoy.com\\\/fr\\\/#\\\/schema\\\/logo\\\/image\\\/\",\"url\":\"https:\\\/\\\/www.yechivabrunoy.com\\\/wp-content\\\/uploads\\\/2024\\\/11\\\/Logo-yechiva-brunoy@2x.png\",\"contentUrl\":\"https:\\\/\\\/www.yechivabrunoy.com\\\/wp-content\\\/uploads\\\/2024\\\/11\\\/Logo-yechiva-brunoy@2x.png\",\"width\":681,\"height\":1005,\"caption\":\"Y\u00e9chiva Tom\u2019hei Temimim Loubavitch de Brunoy\"},\"image\":{\"@id\":\"http:\\\/\\\/www.yechivabrunoy.com\\\/fr\\\/#\\\/schema\\\/logo\\\/image\\\/\"},\"sameAs\":[\"https:\\\/\\\/www.facebook.com\\\/YeshivaBrunoy\\\/\"]}]}<\/script>\n<!-- \/ Yoast SEO plugin. -->","yoast_head_json":{"title":"\u05d7\u05d3\u05e9\u05d5\u05ea - \u05d9\u05e9\u05d9\u05d1\u05d4 \u05d1\u05e8\u05d5\u05e0\u05d5\u05d9","description":"\u05d7\u05d3\u05e9\u05d5\u05ea \u05d5\u05d0\u05d9\u05e8\u05d5\u05e2\u05d9\u05dd \u05d7\u05e9\u05d5\u05d1\u05d9\u05dd \u05e9\u05dc \u05e2\u05de\u05d5\u05ea\u05ea \u05e9\u05e8\u05d4 \u05e4\u05e0\u05d0\u05dc\u05d1\u05e8 \u05d2\u05d5\u05e8\u05e1\u05d3 SPG","robots":{"index":"index","follow":"follow","max-snippet":"max-snippet:-1","max-image-preview":"max-image-preview:large","max-video-preview":"max-video-preview:-1"},"canonical":"https:\/\/www.yechivabrunoy.com\/he\/\u05d7\u05d3\u05e9\u05d5\u05ea\/","og_locale":"he_IL","og_type":"article","og_title":"Actualit\u00e9s - Y\u00e9chiva Brunoy","og_description":"Les actualit\u00e9s et temps forts de l\u2019Association Sarah Penalver Gorsd SPG","og_url":"https:\/\/www.yechivabrunoy.com\/he\/\u05d7\u05d3\u05e9\u05d5\u05ea\/","og_site_name":"Y\u00e9chiva Brunoy","article_publisher":"https:\/\/www.facebook.com\/YeshivaBrunoy\/","article_modified_time":"2025-08-29T13:53:46+00:00","og_image":[{"width":2560,"height":1707,"url":"https:\/\/www.yechivabrunoy.com\/wp-content\/uploads\/2025\/01\/IMG_0341-scaled.jpg","type":"image\/jpeg"}],"twitter_card":"summary_large_image","twitter_misc":{"\u05d6\u05de\u05df \u05e7\u05e8\u05d9\u05d0\u05d4 \u05de\u05d5\u05e2\u05e8\u05da":"8 \u05d3\u05e7\u05d5\u05ea"},"schema":{"@context":"https:\/\/schema.org","@graph":[{"@type":"WebPage","@id":"https:\/\/www.yechivabrunoy.com\/actualites\/","url":"https:\/\/www.yechivabrunoy.com\/actualites\/","name":"\u05d7\u05d3\u05e9\u05d5\u05ea - \u05d9\u05e9\u05d9\u05d1\u05d4 \u05d1\u05e8\u05d5\u05e0\u05d5\u05d9","isPartOf":{"@id":"http:\/\/www.yechivabrunoy.com\/fr\/#website"},"primaryImageOfPage":{"@id":"https:\/\/www.yechivabrunoy.com\/actualites\/#primaryimage"},"image":{"@id":"https:\/\/www.yechivabrunoy.com\/actualites\/#primaryimage"},"thumbnailUrl":"https:\/\/www.yechivabrunoy.com\/wp-content\/uploads\/2025\/01\/IMG_0341-scaled.jpg","datePublished":"2023-08-29T08:20:12+00:00","dateModified":"2025-08-29T13:53:46+00:00","description":"\u05d7\u05d3\u05e9\u05d5\u05ea \u05d5\u05d0\u05d9\u05e8\u05d5\u05e2\u05d9\u05dd \u05d7\u05e9\u05d5\u05d1\u05d9\u05dd \u05e9\u05dc \u05e2\u05de\u05d5\u05ea\u05ea \u05e9\u05e8\u05d4 \u05e4\u05e0\u05d0\u05dc\u05d1\u05e8 \u05d2\u05d5\u05e8\u05e1\u05d3 SPG","breadcrumb":{"@id":"https:\/\/www.yechivabrunoy.com\/actualites\/#breadcrumb"},"inLanguage":"he-IL","potentialAction":[{"@type":"ReadAction","target":["https:\/\/www.yechivabrunoy.com\/actualites\/"]}]},{"@type":"ImageObject","inLanguage":"he-IL","@id":"https:\/\/www.yechivabrunoy.com\/actualites\/#primaryimage","url":"https:\/\/www.yechivabrunoy.com\/wp-content\/uploads\/2025\/01\/IMG_0341-scaled.jpg","contentUrl":"https:\/\/www.yechivabrunoy.com\/wp-content\/uploads\/2025\/01\/IMG_0341-scaled.jpg","width":2560,"height":1707},{"@type":"BreadcrumbList","@id":"https:\/\/www.yechivabrunoy.com\/actualites\/#breadcrumb","itemListElement":[{"@type":"ListItem","position":1,"name":"Accueil","item":"http:\/\/www.yechivabrunoy.com\/fr\/"},{"@type":"ListItem","position":2,"name":"Actualit\u00e9s"}]},{"@type":"WebSite","@id":"http:\/\/www.yechivabrunoy.com\/fr\/#website","url":"http:\/\/www.yechivabrunoy.com\/fr\/","name":"\u05d9\u05e9\u05d9\u05d1\u05ea \u05d1\u05e8\u05d5\u05e0\u05d5\u05d9","description":"\u05d9\u05e9\u05d9\u05d1\u05ea \u05ea\u05d5\u05de\u05db\u05d9 \u05ea\u05de\u05d9\u05de\u05d9\u05dd \u05dc\u05d9\u05d5\u05d1\u05d0\u05d5\u05d5\u05d9\u05d8\u05e9 \u05de\u05d1\u05e8\u05d5\u05e0\u05d5","publisher":{"@id":"http:\/\/www.yechivabrunoy.com\/fr\/#organization"},"potentialAction":[{"@type":"SearchAction","target":{"@type":"EntryPoint","urlTemplate":"http:\/\/www.yechivabrunoy.com\/fr\/?s={search_term_string}"},"query-input":{"@type":"PropertyValueSpecification","valueRequired":true,"valueName":"search_term_string"}}],"inLanguage":"he-IL"},{"@type":"Organization","@id":"http:\/\/www.yechivabrunoy.com\/fr\/#organization","name":"\u05d9\u05e9\u05d9\u05d1\u05ea \u05ea\u05d5\u05de\u05db\u05d9 \u05ea\u05de\u05d9\u05de\u05d9\u05dd \u05dc\u05d9\u05d5\u05d1\u05d0\u05d5\u05d5\u05d9\u05d8\u05e9 \u05de\u05d1\u05e8\u05d5\u05e0\u05d5","url":"http:\/\/www.yechivabrunoy.com\/fr\/","logo":{"@type":"ImageObject","inLanguage":"he-IL","@id":"http:\/\/www.yechivabrunoy.com\/fr\/#\/schema\/logo\/image\/","url":"https:\/\/www.yechivabrunoy.com\/wp-content\/uploads\/2024\/11\/Logo-yechiva-brunoy@2x.png","contentUrl":"https:\/\/www.yechivabrunoy.com\/wp-content\/uploads\/2024\/11\/Logo-yechiva-brunoy@2x.png","width":681,"height":1005,"caption":"Y\u00e9chiva Tom\u2019hei Temimim Loubavitch de Brunoy"},"image":{"@id":"http:\/\/www.yechivabrunoy.com\/fr\/#\/schema\/logo\/image\/"},"sameAs":["https:\/\/www.facebook.com\/YeshivaBrunoy\/"]}]}},"_links":{"self":[{"href":"https:\/\/www.yechivabrunoy.com\/he\/wp-json\/wp\/v2\/pages\/319","targetHints":{"allow":["GET"]}}],"collection":[{"href":"https:\/\/www.yechivabrunoy.com\/he\/wp-json\/wp\/v2\/pages"}],"about":[{"href":"https:\/\/www.yechivabrunoy.com\/he\/wp-json\/wp\/v2\/types\/page"}],"author":[{"embeddable":true,"href":"https:\/\/www.yechivabrunoy.com\/he\/wp-json\/wp\/v2\/users\/1"}],"replies":[{"embeddable":true,"href":"https:\/\/www.yechivabrunoy.com\/he\/wp-json\/wp\/v2\/comments?post=319"}],"version-history":[{"count":53,"href":"https:\/\/www.yechivabrunoy.com\/he\/wp-json\/wp\/v2\/pages\/319\/revisions"}],"predecessor-version":[{"id":2319,"href":"https:\/\/www.yechivabrunoy.com\/he\/wp-json\/wp\/v2\/pages\/319\/revisions\/2319"}],"wp:featuredmedia":[{"embeddable":true,"href":"https:\/\/www.yechivabrunoy.com\/he\/wp-json\/wp\/v2\/media\/975"}],"wp:attachment":[{"href":"https:\/\/www.yechivabrunoy.com\/he\/wp-json\/wp\/v2\/media?parent=319"}],"curies":[{"name":"wp","href":"https:\/\/api.w.org\/{rel}","templated":true}]}}