{"id":370,"date":"2023-08-29T11:54:22","date_gmt":"2023-08-29T09:54:22","guid":{"rendered":"https:\/\/yechivabrunoy.com\/?page_id=370"},"modified":"2025-08-29T15:42:26","modified_gmt":"2025-08-29T13:42:26","slug":"%d7%94%d7%a2%d7%a8%d7%95%d7%aa-%d7%9e%d7%a9%d7%a4%d7%98%d7%99%d7%95%d7%aa","status":"publish","type":"page","link":"https:\/\/www.yechivabrunoy.com\/he\/mentions-legales\/","title":{"rendered":"\u05d4\u05d5\u05d3\u05e2\u05d5\u05ea \u05de\u05e9\u05e4\u05d8\u05d9\u05d5\u05ea"},"content":{"rendered":"\t\t<div data-elementor-type=\"wp-page\" data-elementor-id=\"370\" class=\"elementor elementor-370\" data-elementor-post-type=\"page\">\n\t\t\t\t<div class=\"elementor-element elementor-element-ff93d9f e-con-full e-flex e-con e-parent\" data-id=\"ff93d9f\" data-element_type=\"container\" data-e-type=\"container\" data-settings=\"{&quot;jet_parallax_layout_list&quot;:[]}\">\n\t\t\t\t<div class=\"elementor-element elementor-element-f2d9d45 elementor-widget elementor-widget-template\" data-id=\"f2d9d45\" data-element_type=\"widget\" data-e-type=\"widget\" data-widget_type=\"template.default\">\n\t\t\t\t<div class=\"elementor-widget-container\">\n\t\t\t\t\t\t\t<div class=\"elementor-template\">\n\t\t\t\t\t<div data-elementor-type=\"container\" data-elementor-id=\"1269\" class=\"elementor elementor-1269\" data-elementor-post-type=\"elementor_library\">\n\t\t\t\t<div class=\"elementor-element elementor-element-38129e47 e-flex e-con-boxed e-con e-parent\" data-id=\"38129e47\" data-element_type=\"container\" data-e-type=\"container\" data-settings=\"{&quot;jet_parallax_layout_list&quot;:[]}\">\n\t\t\t\t\t<div class=\"e-con-inner\">\n\t\t\t\t<div class=\"elementor-element elementor-element-1793e054 elementor-widget elementor-widget-heading\" data-id=\"1793e054\" data-element_type=\"widget\" data-e-type=\"widget\" data-widget_type=\"heading.default\">\n\t\t\t\t<div class=\"elementor-widget-container\">\n\t\t\t\t\t<h1 class=\"elementor-heading-title elementor-size-default\">Mentions l\u00e9gales<\/h1>\t\t\t\t<\/div>\n\t\t\t\t<\/div>\n\t\t\t\t\t<\/div>\n\t\t\t\t<\/div>\n\t\t\t\t<\/div>\n\t\t\t\t<\/div>\n\t\t\t\t\t\t<\/div>\n\t\t\t\t<\/div>\n\t\t\t\t<\/div>\n\t\t<div class=\"elementor-element elementor-element-074e319 e-flex e-con-boxed e-con e-parent\" data-id=\"074e319\" data-element_type=\"container\" data-e-type=\"container\" data-settings=\"{&quot;jet_parallax_layout_list&quot;:[]}\">\n\t\t\t\t\t<div class=\"e-con-inner\">\n\t\t\t\t<div class=\"elementor-element elementor-element-dd3eee4 elementor-widget elementor-widget-text-editor\" data-id=\"dd3eee4\" data-element_type=\"widget\" data-e-type=\"widget\" data-widget_type=\"text-editor.default\">\n\t\t\t\t<div class=\"elementor-widget-container\">\n\t\t\t\t\t\t\t\t\t<h2>Pr\u00e9sentation du site<\/h2><p>Le site Yechivabrunoy.com (ci-apr\u00e8s \u00ab\u00a0le Site\u00a0\u00bb) est \u00e9dit\u00e9 par Y\u00e9chiva Brunoy.<\/p><h2>H\u00e9bergement<\/h2><p>Le site est h\u00e9berg\u00e9 par OVH.<\/p><h2>Propri\u00e9t\u00e9 intellectuelle<\/h2><p>Tous les \u00e9l\u00e9ments pr\u00e9sents sur ce site, y compris les textes, images, logos, graphiques, vid\u00e9os et tout autre contenu, sont prot\u00e9g\u00e9s par les lois en vigueur sur la propri\u00e9t\u00e9 intellectuelle. Toute reproduction, distribution, modification, ou exploitation non autoris\u00e9e des \u00e9l\u00e9ments du site est interdite sans autorisation pr\u00e9alable.<\/p><h2>Collecte de donn\u00e9es personnelles<\/h2><p>Conform\u00e9ment \u00e0 la loi [nom de la l\u00e9gislation en vigueur, comme la RGPD en Europe], les donn\u00e9es personnelles collect\u00e9es sur ce site sont destin\u00e9es \u00e0 [d\u00e9crire l&rsquo;objectif de la collecte, par exemple : \u00ab\u00a0r\u00e9pondre \u00e0 vos demandes, vous informer sur nos services\u00a0\u00bb]. Vous disposez d&rsquo;un droit d&rsquo;acc\u00e8s, de rectification, d&rsquo;opposition et de suppression de vos donn\u00e9es personnelles en nous contactant \u00e0 [adresse email\/contact du responsable des donn\u00e9es].<\/p><h2>Cookies<\/h2><p>Ce site utilise des cookies pour am\u00e9liorer l&rsquo;exp\u00e9rience utilisateur. Vous pouvez configurer votre navigateur pour refuser les cookies ou \u00eatre averti lorsque des cookies sont envoy\u00e9s. Cependant, certaines fonctionnalit\u00e9s du site peuvent \u00eatre alt\u00e9r\u00e9es si les cookies sont d\u00e9sactiv\u00e9s.<\/p><h2>Responsabilit\u00e9<\/h2><p>Y\u00e9chiva Brunoy met tout en \u0153uvre pour offrir des informations pr\u00e9cises sur ce site, mais ne peut \u00eatre tenue responsable des erreurs, omissions ou des r\u00e9sultats pouvant d\u00e9couler de l&rsquo;utilisation de ces informations. Le Site peut contenir des liens vers d&rsquo;autres sites externes sur lesquels nous n&rsquo;exer\u00e7ons aucun contr\u00f4le.<\/p><h2>Contact<\/h2><p>Pour toute question ou demande d&rsquo;information concernant ces mentions l\u00e9gales, vous pouvez nous contacter : contact@yechivabrunoy.com,\u00a0 +331.60.46.31.46.<\/p>\t\t\t\t\t\t\t\t<\/div>\n\t\t\t\t<\/div>\n\t\t\t\t\t<\/div>\n\t\t\t\t<\/div>\n\t\t\t\t<\/div>\n\t\t","protected":false},"excerpt":{"rendered":"<p>Pr\u00e9sentation du site Le site Yechivabrunoy.com (ci-apr\u00e8s \u00ab\u00a0le Site\u00a0\u00bb) est \u00e9dit\u00e9 par Y\u00e9chiva Brunoy. H\u00e9bergement Le site est h\u00e9berg\u00e9 par OVH. Propri\u00e9t\u00e9 intellectuelle Tous les \u00e9l\u00e9ments pr\u00e9sents sur ce site, y compris les textes, images, logos, graphiques, vid\u00e9os et tout autre contenu, sont prot\u00e9g\u00e9s par les lois en vigueur sur la propri\u00e9t\u00e9 intellectuelle. Toute reproduction, [&hellip;]<\/p>\n","protected":false},"author":1,"featured_media":1017,"parent":0,"menu_order":0,"comment_status":"closed","ping_status":"closed","template":"elementor_header_footer","meta":{"_acf_changed":false,"footnotes":""},"class_list":["post-370","page","type-page","status-publish","has-post-thumbnail","hentry"],"acf":[],"yoast_head":"<!-- This site is optimized with the Yoast SEO plugin v27.4 - https:\/\/yoast.com\/product\/yoast-seo-wordpress\/ -->\n<title>Mentions l\u00e9gales - Y\u00e9chiva Brunoy<\/title>\n<meta name=\"robots\" content=\"index, follow, max-snippet:-1, max-image-preview:large, max-video-preview:-1\" \/>\n<link rel=\"canonical\" href=\"https:\/\/www.yechivabrunoy.com\/he\/\u05d4\u05e2\u05e8\u05d5\u05ea-\u05de\u05e9\u05e4\u05d8\u05d9\u05d5\u05ea\/\" \/>\n<meta property=\"og:locale\" content=\"he_IL\" \/>\n<meta property=\"og:type\" content=\"article\" \/>\n<meta property=\"og:title\" content=\"Mentions l\u00e9gales - Y\u00e9chiva Brunoy\" \/>\n<meta property=\"og:description\" content=\"Pr\u00e9sentation du site Le site Yechivabrunoy.com (ci-apr\u00e8s \u00ab\u00a0le Site\u00a0\u00bb) est \u00e9dit\u00e9 par Y\u00e9chiva Brunoy. H\u00e9bergement Le site est h\u00e9berg\u00e9 par OVH. Propri\u00e9t\u00e9 intellectuelle Tous les \u00e9l\u00e9ments pr\u00e9sents sur ce site, y compris les textes, images, logos, graphiques, vid\u00e9os et tout autre contenu, sont prot\u00e9g\u00e9s par les lois en vigueur sur la propri\u00e9t\u00e9 intellectuelle. Toute reproduction, [&hellip;]\" \/>\n<meta property=\"og:url\" content=\"https:\/\/www.yechivabrunoy.com\/he\/\u05d4\u05e2\u05e8\u05d5\u05ea-\u05de\u05e9\u05e4\u05d8\u05d9\u05d5\u05ea\/\" \/>\n<meta property=\"og:site_name\" content=\"Y\u00e9chiva Brunoy\" \/>\n<meta property=\"article:publisher\" content=\"https:\/\/www.facebook.com\/YeshivaBrunoy\/\" \/>\n<meta property=\"article:modified_time\" content=\"2025-08-29T13:42:26+00:00\" \/>\n<meta property=\"og:image\" content=\"https:\/\/www.yechivabrunoy.com\/wp-content\/uploads\/2025\/01\/Yeshiva-Brunoy-Photos-aeriennes-003-copie-1-1-scaled.jpg\" \/>\n\t<meta property=\"og:image:width\" content=\"2560\" \/>\n\t<meta property=\"og:image:height\" content=\"1791\" \/>\n\t<meta property=\"og:image:type\" content=\"image\/jpeg\" \/>\n<meta name=\"twitter:card\" content=\"summary_large_image\" \/>\n<meta name=\"twitter:label1\" content=\"\u05d6\u05de\u05df \u05e7\u05e8\u05d9\u05d0\u05d4 \u05de\u05d5\u05e2\u05e8\u05da\" \/>\n\t<meta name=\"twitter:data1\" content=\"2 \u05d3\u05e7\u05d5\u05ea\" \/>\n<script type=\"application\/ld+json\" class=\"yoast-schema-graph\">{\"@context\":\"https:\\\/\\\/schema.org\",\"@graph\":[{\"@type\":\"WebPage\",\"@id\":\"https:\\\/\\\/www.yechivabrunoy.com\\\/mentions-legales\\\/\",\"url\":\"https:\\\/\\\/www.yechivabrunoy.com\\\/mentions-legales\\\/\",\"name\":\"Mentions l\u00e9gales - Y\u00e9chiva Brunoy\",\"isPartOf\":{\"@id\":\"http:\\\/\\\/www.yechivabrunoy.com\\\/fr\\\/#website\"},\"primaryImageOfPage\":{\"@id\":\"https:\\\/\\\/www.yechivabrunoy.com\\\/mentions-legales\\\/#primaryimage\"},\"image\":{\"@id\":\"https:\\\/\\\/www.yechivabrunoy.com\\\/mentions-legales\\\/#primaryimage\"},\"thumbnailUrl\":\"https:\\\/\\\/www.yechivabrunoy.com\\\/wp-content\\\/uploads\\\/2025\\\/01\\\/Yeshiva-Brunoy-Photos-aeriennes-003-copie-1-1-scaled.jpg\",\"datePublished\":\"2023-08-29T09:54:22+00:00\",\"dateModified\":\"2025-08-29T13:42:26+00:00\",\"breadcrumb\":{\"@id\":\"https:\\\/\\\/www.yechivabrunoy.com\\\/mentions-legales\\\/#breadcrumb\"},\"inLanguage\":\"he-IL\",\"potentialAction\":[{\"@type\":\"ReadAction\",\"target\":[\"https:\\\/\\\/www.yechivabrunoy.com\\\/mentions-legales\\\/\"]}]},{\"@type\":\"ImageObject\",\"inLanguage\":\"he-IL\",\"@id\":\"https:\\\/\\\/www.yechivabrunoy.com\\\/mentions-legales\\\/#primaryimage\",\"url\":\"https:\\\/\\\/www.yechivabrunoy.com\\\/wp-content\\\/uploads\\\/2025\\\/01\\\/Yeshiva-Brunoy-Photos-aeriennes-003-copie-1-1-scaled.jpg\",\"contentUrl\":\"https:\\\/\\\/www.yechivabrunoy.com\\\/wp-content\\\/uploads\\\/2025\\\/01\\\/Yeshiva-Brunoy-Photos-aeriennes-003-copie-1-1-scaled.jpg\",\"width\":2560,\"height\":1791},{\"@type\":\"BreadcrumbList\",\"@id\":\"https:\\\/\\\/www.yechivabrunoy.com\\\/mentions-legales\\\/#breadcrumb\",\"itemListElement\":[{\"@type\":\"ListItem\",\"position\":1,\"name\":\"Accueil\",\"item\":\"http:\\\/\\\/www.yechivabrunoy.com\\\/fr\\\/\"},{\"@type\":\"ListItem\",\"position\":2,\"name\":\"Mentions l\u00e9gales\"}]},{\"@type\":\"WebSite\",\"@id\":\"http:\\\/\\\/www.yechivabrunoy.com\\\/fr\\\/#website\",\"url\":\"http:\\\/\\\/www.yechivabrunoy.com\\\/fr\\\/\",\"name\":\"Y\u00e9chiva Brunoy\",\"description\":\"Y\u00e9chiva Tom\u2019hei Temimim Loubavitch de Brunoy\",\"publisher\":{\"@id\":\"http:\\\/\\\/www.yechivabrunoy.com\\\/fr\\\/#organization\"},\"potentialAction\":[{\"@type\":\"SearchAction\",\"target\":{\"@type\":\"EntryPoint\",\"urlTemplate\":\"http:\\\/\\\/www.yechivabrunoy.com\\\/fr\\\/?s={search_term_string}\"},\"query-input\":{\"@type\":\"PropertyValueSpecification\",\"valueRequired\":true,\"valueName\":\"search_term_string\"}}],\"inLanguage\":\"he-IL\"},{\"@type\":\"Organization\",\"@id\":\"http:\\\/\\\/www.yechivabrunoy.com\\\/fr\\\/#organization\",\"name\":\"Y\u00e9chiva Tom\u2019hei Temimim Loubavitch de Brunoy\",\"url\":\"http:\\\/\\\/www.yechivabrunoy.com\\\/fr\\\/\",\"logo\":{\"@type\":\"ImageObject\",\"inLanguage\":\"he-IL\",\"@id\":\"http:\\\/\\\/www.yechivabrunoy.com\\\/fr\\\/#\\\/schema\\\/logo\\\/image\\\/\",\"url\":\"https:\\\/\\\/www.yechivabrunoy.com\\\/wp-content\\\/uploads\\\/2024\\\/11\\\/Logo-yechiva-brunoy@2x.png\",\"contentUrl\":\"https:\\\/\\\/www.yechivabrunoy.com\\\/wp-content\\\/uploads\\\/2024\\\/11\\\/Logo-yechiva-brunoy@2x.png\",\"width\":681,\"height\":1005,\"caption\":\"Y\u00e9chiva Tom\u2019hei Temimim Loubavitch de Brunoy\"},\"image\":{\"@id\":\"http:\\\/\\\/www.yechivabrunoy.com\\\/fr\\\/#\\\/schema\\\/logo\\\/image\\\/\"},\"sameAs\":[\"https:\\\/\\\/www.facebook.com\\\/YeshivaBrunoy\\\/\"]}]}<\/script>\n<!-- \/ Yoast SEO plugin. -->","yoast_head_json":{"title":"\u05d4\u05e2\u05e8\u05d5\u05ea \u05de\u05e9\u05e4\u05d8\u05d9\u05d5\u05ea - \u05d9\u05e9\u05d9\u05d1\u05d4 \u05d1\u05e8\u05d5\u05e0\u05d5\u05d9","robots":{"index":"index","follow":"follow","max-snippet":"max-snippet:-1","max-image-preview":"max-image-preview:large","max-video-preview":"max-video-preview:-1"},"canonical":"https:\/\/www.yechivabrunoy.com\/he\/\u05d4\u05e2\u05e8\u05d5\u05ea-\u05de\u05e9\u05e4\u05d8\u05d9\u05d5\u05ea\/","og_locale":"he_IL","og_type":"article","og_title":"Mentions l\u00e9gales - Y\u00e9chiva Brunoy","og_description":"Pr\u00e9sentation du site Le site Yechivabrunoy.com (ci-apr\u00e8s \u00ab\u00a0le Site\u00a0\u00bb) est \u00e9dit\u00e9 par Y\u00e9chiva Brunoy. H\u00e9bergement Le site est h\u00e9berg\u00e9 par OVH. Propri\u00e9t\u00e9 intellectuelle Tous les \u00e9l\u00e9ments pr\u00e9sents sur ce site, y compris les textes, images, logos, graphiques, vid\u00e9os et tout autre contenu, sont prot\u00e9g\u00e9s par les lois en vigueur sur la propri\u00e9t\u00e9 intellectuelle. Toute reproduction, [&hellip;]","og_url":"https:\/\/www.yechivabrunoy.com\/he\/\u05d4\u05e2\u05e8\u05d5\u05ea-\u05de\u05e9\u05e4\u05d8\u05d9\u05d5\u05ea\/","og_site_name":"Y\u00e9chiva Brunoy","article_publisher":"https:\/\/www.facebook.com\/YeshivaBrunoy\/","article_modified_time":"2025-08-29T13:42:26+00:00","og_image":[{"width":2560,"height":1791,"url":"https:\/\/www.yechivabrunoy.com\/wp-content\/uploads\/2025\/01\/Yeshiva-Brunoy-Photos-aeriennes-003-copie-1-1-scaled.jpg","type":"image\/jpeg"}],"twitter_card":"summary_large_image","twitter_misc":{"\u05d6\u05de\u05df \u05e7\u05e8\u05d9\u05d0\u05d4 \u05de\u05d5\u05e2\u05e8\u05da":"2 \u05d3\u05e7\u05d5\u05ea"},"schema":{"@context":"https:\/\/schema.org","@graph":[{"@type":"WebPage","@id":"https:\/\/www.yechivabrunoy.com\/mentions-legales\/","url":"https:\/\/www.yechivabrunoy.com\/mentions-legales\/","name":"\u05d4\u05e2\u05e8\u05d5\u05ea \u05de\u05e9\u05e4\u05d8\u05d9\u05d5\u05ea - \u05d9\u05e9\u05d9\u05d1\u05d4 \u05d1\u05e8\u05d5\u05e0\u05d5\u05d9","isPartOf":{"@id":"http:\/\/www.yechivabrunoy.com\/fr\/#website"},"primaryImageOfPage":{"@id":"https:\/\/www.yechivabrunoy.com\/mentions-legales\/#primaryimage"},"image":{"@id":"https:\/\/www.yechivabrunoy.com\/mentions-legales\/#primaryimage"},"thumbnailUrl":"https:\/\/www.yechivabrunoy.com\/wp-content\/uploads\/2025\/01\/Yeshiva-Brunoy-Photos-aeriennes-003-copie-1-1-scaled.jpg","datePublished":"2023-08-29T09:54:22+00:00","dateModified":"2025-08-29T13:42:26+00:00","breadcrumb":{"@id":"https:\/\/www.yechivabrunoy.com\/mentions-legales\/#breadcrumb"},"inLanguage":"he-IL","potentialAction":[{"@type":"ReadAction","target":["https:\/\/www.yechivabrunoy.com\/mentions-legales\/"]}]},{"@type":"ImageObject","inLanguage":"he-IL","@id":"https:\/\/www.yechivabrunoy.com\/mentions-legales\/#primaryimage","url":"https:\/\/www.yechivabrunoy.com\/wp-content\/uploads\/2025\/01\/Yeshiva-Brunoy-Photos-aeriennes-003-copie-1-1-scaled.jpg","contentUrl":"https:\/\/www.yechivabrunoy.com\/wp-content\/uploads\/2025\/01\/Yeshiva-Brunoy-Photos-aeriennes-003-copie-1-1-scaled.jpg","width":2560,"height":1791},{"@type":"BreadcrumbList","@id":"https:\/\/www.yechivabrunoy.com\/mentions-legales\/#breadcrumb","itemListElement":[{"@type":"ListItem","position":1,"name":"Accueil","item":"http:\/\/www.yechivabrunoy.com\/fr\/"},{"@type":"ListItem","position":2,"name":"Mentions l\u00e9gales"}]},{"@type":"WebSite","@id":"http:\/\/www.yechivabrunoy.com\/fr\/#website","url":"http:\/\/www.yechivabrunoy.com\/fr\/","name":"\u05d9\u05e9\u05d9\u05d1\u05ea \u05d1\u05e8\u05d5\u05e0\u05d5\u05d9","description":"\u05d9\u05e9\u05d9\u05d1\u05ea \u05ea\u05d5\u05de\u05db\u05d9 \u05ea\u05de\u05d9\u05de\u05d9\u05dd \u05dc\u05d9\u05d5\u05d1\u05d0\u05d5\u05d5\u05d9\u05d8\u05e9 \u05de\u05d1\u05e8\u05d5\u05e0\u05d5","publisher":{"@id":"http:\/\/www.yechivabrunoy.com\/fr\/#organization"},"potentialAction":[{"@type":"SearchAction","target":{"@type":"EntryPoint","urlTemplate":"http:\/\/www.yechivabrunoy.com\/fr\/?s={search_term_string}"},"query-input":{"@type":"PropertyValueSpecification","valueRequired":true,"valueName":"search_term_string"}}],"inLanguage":"he-IL"},{"@type":"Organization","@id":"http:\/\/www.yechivabrunoy.com\/fr\/#organization","name":"\u05d9\u05e9\u05d9\u05d1\u05ea \u05ea\u05d5\u05de\u05db\u05d9 \u05ea\u05de\u05d9\u05de\u05d9\u05dd \u05dc\u05d9\u05d5\u05d1\u05d0\u05d5\u05d5\u05d9\u05d8\u05e9 \u05de\u05d1\u05e8\u05d5\u05e0\u05d5","url":"http:\/\/www.yechivabrunoy.com\/fr\/","logo":{"@type":"ImageObject","inLanguage":"he-IL","@id":"http:\/\/www.yechivabrunoy.com\/fr\/#\/schema\/logo\/image\/","url":"https:\/\/www.yechivabrunoy.com\/wp-content\/uploads\/2024\/11\/Logo-yechiva-brunoy@2x.png","contentUrl":"https:\/\/www.yechivabrunoy.com\/wp-content\/uploads\/2024\/11\/Logo-yechiva-brunoy@2x.png","width":681,"height":1005,"caption":"Y\u00e9chiva Tom\u2019hei Temimim Loubavitch de Brunoy"},"image":{"@id":"http:\/\/www.yechivabrunoy.com\/fr\/#\/schema\/logo\/image\/"},"sameAs":["https:\/\/www.facebook.com\/YeshivaBrunoy\/"]}]}},"_links":{"self":[{"href":"https:\/\/www.yechivabrunoy.com\/he\/wp-json\/wp\/v2\/pages\/370","targetHints":{"allow":["GET"]}}],"collection":[{"href":"https:\/\/www.yechivabrunoy.com\/he\/wp-json\/wp\/v2\/pages"}],"about":[{"href":"https:\/\/www.yechivabrunoy.com\/he\/wp-json\/wp\/v2\/types\/page"}],"author":[{"embeddable":true,"href":"https:\/\/www.yechivabrunoy.com\/he\/wp-json\/wp\/v2\/users\/1"}],"replies":[{"embeddable":true,"href":"https:\/\/www.yechivabrunoy.com\/he\/wp-json\/wp\/v2\/comments?post=370"}],"version-history":[{"count":28,"href":"https:\/\/www.yechivabrunoy.com\/he\/wp-json\/wp\/v2\/pages\/370\/revisions"}],"predecessor-version":[{"id":2309,"href":"https:\/\/www.yechivabrunoy.com\/he\/wp-json\/wp\/v2\/pages\/370\/revisions\/2309"}],"wp:featuredmedia":[{"embeddable":true,"href":"https:\/\/www.yechivabrunoy.com\/he\/wp-json\/wp\/v2\/media\/1017"}],"wp:attachment":[{"href":"https:\/\/www.yechivabrunoy.com\/he\/wp-json\/wp\/v2\/media?parent=370"}],"curies":[{"name":"wp","href":"https:\/\/api.w.org\/{rel}","templated":true}]}}